{"id":198,"date":"2021-01-26T15:53:42","date_gmt":"2021-01-26T14:53:42","guid":{"rendered":"http:\/\/www.pocketpharma.be\/newsite\/?page_id=198"},"modified":"2021-01-26T15:53:42","modified_gmt":"2021-01-26T14:53:42","slug":"temoignages","status":"publish","type":"page","link":"https:\/\/www.pocketpharma.be\/2021\/index.php\/temoignages\/","title":{"rendered":"T\u00e9moignages"},"content":{"rendered":"\n<p>\u00ab\u00a0J&rsquo;ai d\u00e9j\u00e0 travaill\u00e9 avec un concurrent mais Pocket Pharma est une application bien plus compl\u00e8te et qui permet de garder une r\u00e9elle fid\u00e9lisation avec ses patients\u00a0\u00bb Anne C.<\/p>\n","protected":false},"excerpt":{"rendered":"<p>\u00ab\u00a0J&rsquo;ai d\u00e9j\u00e0 travaill\u00e9 avec un concurrent mais Pocket Pharma est une application bien plus compl\u00e8te et qui permet de garder une r\u00e9elle fid\u00e9lisation avec ses patients\u00a0\u00bb Anne C.<\/p>\n","protected":false},"author":1,"featured_media":0,"parent":0,"menu_order":0,"comment_status":"closed","ping_status":"closed","template":"","meta":[],"_links":{"self":[{"href":"https:\/\/www.pocketpharma.be\/2021\/index.php\/wp-json\/wp\/v2\/pages\/198"}],"collection":[{"href":"https:\/\/www.pocketpharma.be\/2021\/index.php\/wp-json\/wp\/v2\/pages"}],"about":[{"href":"https:\/\/www.pocketpharma.be\/2021\/index.php\/wp-json\/wp\/v2\/types\/page"}],"author":[{"embeddable":true,"href":"https:\/\/www.pocketpharma.be\/2021\/index.php\/wp-json\/wp\/v2\/users\/1"}],"replies":[{"embeddable":true,"href":"https:\/\/www.pocketpharma.be\/2021\/index.php\/wp-json\/wp\/v2\/comments?post=198"}],"version-history":[{"count":2,"href":"https:\/\/www.pocketpharma.be\/2021\/index.php\/wp-json\/wp\/v2\/pages\/198\/revisions"}],"predecessor-version":[{"id":201,"href":"https:\/\/www.pocketpharma.be\/2021\/index.php\/wp-json\/wp\/v2\/pages\/198\/revisions\/201"}],"wp:attachment":[{"href":"https:\/\/www.pocketpharma.be\/2021\/index.php\/wp-json\/wp\/v2\/media?parent=198"}],"curies":[{"name":"wp","href":"https:\/\/api.w.org\/{rel}","templated":true}]}}