{"id":2,"date":"2020-12-23T07:18:26","date_gmt":"2020-12-23T06:18:26","guid":{"rendered":"http:\/\/www.pocketpharma.be\/newsite\/?page_id=2"},"modified":"2021-01-26T15:44:15","modified_gmt":"2021-01-26T14:44:15","slug":"utilisations-frequentes","status":"publish","type":"page","link":"https:\/\/www.pocketpharma.be\/2021\/index.php\/utilisations-frequentes\/","title":{"rendered":"Recherches fr\u00e9quentes"},"content":{"rendered":"\n<p>Envoyer un message<\/p>\n\n\n\n<p><\/p>\n\n\n\n<p>Restez en contact avec votre Pharmacie habituelle gr\u00e2ce \u00e0 la messagerie int\u00e9gr\u00e9e directement reli\u00e9e \u00e0 l\u2019Officine.&nbsp; Echange de messages, envoi de photos, commandes ou d\u2019ordonnances et acc\u00e8s \u00e0 la plateforme de vente en ligne si disponible.<\/p>\n\n\n\n<ul><li>La fen\u00eatre vous propose le fil de vos messages, une zone pour la r\u00e9daction de votre message, une touche pour l\u2019envoi de photo, une touche pour scanner le code barre de votre ordonnance \u00e9lectronique, un lien vers le webshop si disponible et la touche envoi de votre message&nbsp;:<\/li><\/ul>\n\n\n\n<figure class=\"wp-block-image size-large\"><img loading=\"lazy\" width=\"1024\" height=\"525\" src=\"http:\/\/www.pocketpharma.be\/newsite\/wp-content\/uploads\/2021\/01\/utilisateur23-1024x525.jpg\" alt=\"\" class=\"wp-image-90\" srcset=\"https:\/\/www.pocketpharma.be\/2021\/wp-content\/uploads\/2021\/01\/utilisateur23-1024x525.jpg 1024w, https:\/\/www.pocketpharma.be\/2021\/wp-content\/uploads\/2021\/01\/utilisateur23-300x154.jpg 300w, https:\/\/www.pocketpharma.be\/2021\/wp-content\/uploads\/2021\/01\/utilisateur23-768x394.jpg 768w, https:\/\/www.pocketpharma.be\/2021\/wp-content\/uploads\/2021\/01\/utilisateur23.jpg 1065w\" sizes=\"(max-width: 1024px) 100vw, 1024px\" \/><\/figure>\n\n\n\n<p>Cr\u00e9er un profil<\/p>\n\n\n\n<p><\/p>\n\n\n\n<p>Stockez vos donn\u00e9es personnelles, ajoutez les membres de votre famille et vos animaux de compagnie.&nbsp; Vous pourrez ainsi g\u00e9rer le profil g\u00e9n\u00e9ral de chacun (taille, poids, groupe sanguin, etc\u2026)<\/p>\n\n\n\n<ul><li>Premi\u00e8re fen\u00eatre&nbsp;: informations personnelles.<\/li><li>Deuxi\u00e8me fen\u00eatre&nbsp;: coordonn\u00e9es.<\/li><li>Troisi\u00e8me fen\u00eatre&nbsp;: gestion des membres de la famille.<\/li><li>Quatri\u00e8me fen\u00eatre&nbsp;: informations m\u00e9dicales.<\/li><\/ul>\n\n\n\n<p>Vue de la \u00ab&nbsp;famille&nbsp;\u00bb&nbsp;:<\/p>\n\n\n\n<figure class=\"wp-block-image size-large\"><img loading=\"lazy\" width=\"414\" height=\"309\" src=\"http:\/\/www.pocketpharma.be\/newsite\/wp-content\/uploads\/2021\/01\/utilisateur24.png\" alt=\"\" class=\"wp-image-91\" srcset=\"https:\/\/www.pocketpharma.be\/2021\/wp-content\/uploads\/2021\/01\/utilisateur24.png 414w, https:\/\/www.pocketpharma.be\/2021\/wp-content\/uploads\/2021\/01\/utilisateur24-300x224.png 300w\" sizes=\"(max-width: 414px) 100vw, 414px\" \/><\/figure>\n\n\n\n<ul><li>Ajout d\u2019un membre de la famille&nbsp;:<\/li><\/ul>\n\n\n\n<figure class=\"wp-block-image size-large\"><img loading=\"lazy\" width=\"415\" height=\"222\" src=\"http:\/\/www.pocketpharma.be\/newsite\/wp-content\/uploads\/2021\/01\/utilisateur25.png\" alt=\"\" class=\"wp-image-92\" srcset=\"https:\/\/www.pocketpharma.be\/2021\/wp-content\/uploads\/2021\/01\/utilisateur25.png 415w, https:\/\/www.pocketpharma.be\/2021\/wp-content\/uploads\/2021\/01\/utilisateur25-300x160.png 300w\" sizes=\"(max-width: 415px) 100vw, 415px\" \/><\/figure>\n\n\n\n<ul><li>Encodez un nouveau profil et validez&nbsp;:<\/li><\/ul>\n\n\n\n<figure class=\"wp-block-image size-large\"><img loading=\"lazy\" width=\"390\" height=\"679\" src=\"http:\/\/www.pocketpharma.be\/newsite\/wp-content\/uploads\/2021\/01\/utilisateur26.png\" alt=\"\" class=\"wp-image-93\" srcset=\"https:\/\/www.pocketpharma.be\/2021\/wp-content\/uploads\/2021\/01\/utilisateur26.png 390w, https:\/\/www.pocketpharma.be\/2021\/wp-content\/uploads\/2021\/01\/utilisateur26-172x300.png 172w\" sizes=\"(max-width: 390px) 100vw, 390px\" \/><\/figure>\n\n\n\n<ul><li>Encodez et modifiez les informations du profil&nbsp;:<\/li><\/ul>\n\n\n\n<figure class=\"wp-block-image size-large\"><img loading=\"lazy\" width=\"417\" height=\"357\" src=\"http:\/\/www.pocketpharma.be\/newsite\/wp-content\/uploads\/2021\/01\/utilisateur27.png\" alt=\"\" class=\"wp-image-94\" srcset=\"https:\/\/www.pocketpharma.be\/2021\/wp-content\/uploads\/2021\/01\/utilisateur27.png 417w, https:\/\/www.pocketpharma.be\/2021\/wp-content\/uploads\/2021\/01\/utilisateur27-300x257.png 300w\" sizes=\"(max-width: 417px) 100vw, 417px\" \/><\/figure>\n\n\n\n<figure class=\"wp-block-image size-large\"><img loading=\"lazy\" width=\"417\" height=\"230\" src=\"http:\/\/www.pocketpharma.be\/newsite\/wp-content\/uploads\/2021\/01\/utilisateur28.png\" alt=\"\" class=\"wp-image-95\" srcset=\"https:\/\/www.pocketpharma.be\/2021\/wp-content\/uploads\/2021\/01\/utilisateur28.png 417w, https:\/\/www.pocketpharma.be\/2021\/wp-content\/uploads\/2021\/01\/utilisateur28-300x165.png 300w\" sizes=\"(max-width: 417px) 100vw, 417px\" \/><\/figure>\n","protected":false},"excerpt":{"rendered":"<p>Envoyer un message Restez en contact avec votre Pharmacie habituelle gr\u00e2ce \u00e0 la messagerie int\u00e9gr\u00e9e directement reli\u00e9e \u00e0 l\u2019Officine.&nbsp; Echange de messages, envoi de photos, commandes ou d\u2019ordonnances et acc\u00e8s \u00e0 la plateforme de vente en ligne si disponible. La fen\u00eatre vous propose le fil de vos messages, une zone pour la r\u00e9daction de votre [&hellip;]<\/p>\n","protected":false},"author":1,"featured_media":0,"parent":0,"menu_order":0,"comment_status":"closed","ping_status":"open","template":"","meta":[],"_links":{"self":[{"href":"https:\/\/www.pocketpharma.be\/2021\/index.php\/wp-json\/wp\/v2\/pages\/2"}],"collection":[{"href":"https:\/\/www.pocketpharma.be\/2021\/index.php\/wp-json\/wp\/v2\/pages"}],"about":[{"href":"https:\/\/www.pocketpharma.be\/2021\/index.php\/wp-json\/wp\/v2\/types\/page"}],"author":[{"embeddable":true,"href":"https:\/\/www.pocketpharma.be\/2021\/index.php\/wp-json\/wp\/v2\/users\/1"}],"replies":[{"embeddable":true,"href":"https:\/\/www.pocketpharma.be\/2021\/index.php\/wp-json\/wp\/v2\/comments?post=2"}],"version-history":[{"count":3,"href":"https:\/\/www.pocketpharma.be\/2021\/index.php\/wp-json\/wp\/v2\/pages\/2\/revisions"}],"predecessor-version":[{"id":197,"href":"https:\/\/www.pocketpharma.be\/2021\/index.php\/wp-json\/wp\/v2\/pages\/2\/revisions\/197"}],"wp:attachment":[{"href":"https:\/\/www.pocketpharma.be\/2021\/index.php\/wp-json\/wp\/v2\/media?parent=2"}],"curies":[{"name":"wp","href":"https:\/\/api.w.org\/{rel}","templated":true}]}}