{"id":284,"date":"2021-02-09T15:59:45","date_gmt":"2021-02-09T14:59:45","guid":{"rendered":"http:\/\/www.pocketpharma.be\/newsite\/?page_id=284"},"modified":"2021-02-09T16:05:30","modified_gmt":"2021-02-09T15:05:30","slug":"notions-de-base","status":"publish","type":"page","link":"https:\/\/www.pocketpharma.be\/2021\/index.php\/notions-de-base\/","title":{"rendered":"Notions de base"},"content":{"rendered":"\n<ol type=\"1\"><li><strong><u>Notions de base<\/u><\/strong><\/li><\/ol>\n\n\n\n<ul><li>L\u2019application n\u00e9cessite que votre smartphone soit connect\u00e9 au r\u00e9seau internet (Wifi ou 3G-4G) pour fonctionner correctement.<\/li><li>Les diff\u00e9rentes fonctions de l\u2019application sont r\u00e9parties en 3 volets :&nbsp;&nbsp;&nbsp;&nbsp;&nbsp;&nbsp;&nbsp;&nbsp;&nbsp;&nbsp;&nbsp;&nbsp;&nbsp;&nbsp;&nbsp;&nbsp;&nbsp;&nbsp;&nbsp;&nbsp;&nbsp;&nbsp;&nbsp;&nbsp;&nbsp;&nbsp; &nbsp;&nbsp;&nbsp;&nbsp;&nbsp;&nbsp;&nbsp;&nbsp;&nbsp;&nbsp;&nbsp;&nbsp;&nbsp;&nbsp;&nbsp;&nbsp;&nbsp;&nbsp;&nbsp;&nbsp;&nbsp;&nbsp;&nbsp;&nbsp;&nbsp;&nbsp;&nbsp; la Pharmacie en vert (Infos-Blog-Messagerie)<\/li><\/ul>\n\n\n\n<figure class=\"wp-block-image\"><img loading=\"lazy\" width=\"466\" height=\"193\" src=\"http:\/\/www.pocketpharma.be\/newsite\/wp-content\/uploads\/2021\/01\/utilisateur3.png\" alt=\"\" class=\"wp-image-69\" srcset=\"https:\/\/www.pocketpharma.be\/2021\/wp-content\/uploads\/2021\/01\/utilisateur3.png 466w, https:\/\/www.pocketpharma.be\/2021\/wp-content\/uploads\/2021\/01\/utilisateur3-300x124.png 300w\" sizes=\"(max-width: 466px) 100vw, 466px\" \/><\/figure>\n\n\n\n<p>&nbsp;&nbsp;&nbsp;&nbsp;&nbsp;&nbsp;&nbsp;&nbsp;&nbsp;&nbsp;&nbsp;&nbsp;&nbsp;&nbsp;&nbsp;&nbsp;&nbsp;&nbsp;&nbsp;&nbsp;&nbsp;&nbsp;&nbsp;&nbsp;&nbsp;&nbsp;&nbsp;&nbsp;&nbsp;&nbsp;&nbsp;&nbsp;&nbsp;&nbsp;&nbsp;&nbsp;&nbsp; &nbsp;&nbsp;&nbsp;&nbsp;&nbsp;&nbsp;&nbsp;&nbsp; la sant\u00e9 en rouge (Profil-traitement-vaccins\u2026)<\/p>\n\n\n\n<figure class=\"wp-block-image\"><img loading=\"lazy\" width=\"466\" height=\"191\" src=\"http:\/\/www.pocketpharma.be\/newsite\/wp-content\/uploads\/2021\/01\/utilisateur4.png\" alt=\"\" class=\"wp-image-70\" srcset=\"https:\/\/www.pocketpharma.be\/2021\/wp-content\/uploads\/2021\/01\/utilisateur4.png 466w, https:\/\/www.pocketpharma.be\/2021\/wp-content\/uploads\/2021\/01\/utilisateur4-300x123.png 300w\" sizes=\"(max-width: 466px) 100vw, 466px\" \/><\/figure>\n\n\n\n<p>et quelques outils pratiques en bleu (Agenda-Contacts-Animaux).<\/p>\n\n\n\n<figure class=\"wp-block-image\"><img loading=\"lazy\" width=\"859\" height=\"340\" src=\"http:\/\/www.pocketpharma.be\/newsite\/wp-content\/uploads\/2021\/01\/utilisateur5.jpg\" alt=\"\" class=\"wp-image-71\" srcset=\"https:\/\/www.pocketpharma.be\/2021\/wp-content\/uploads\/2021\/01\/utilisateur5.jpg 859w, https:\/\/www.pocketpharma.be\/2021\/wp-content\/uploads\/2021\/01\/utilisateur5-300x119.jpg 300w, https:\/\/www.pocketpharma.be\/2021\/wp-content\/uploads\/2021\/01\/utilisateur5-768x304.jpg 768w\" sizes=\"(max-width: 859px) 100vw, 859px\" \/><\/figure>\n\n\n\n<ul><li>La navigation dans l\u2019application se fait par glissement des diff\u00e9rentes fen\u00eatres de gauche \u00e0 droite via le bandeau sup\u00e9rieur muni de l\u2019ic\u00f4ne de la main.<\/li><\/ul>\n\n\n\n<figure class=\"wp-block-image\"><img loading=\"lazy\" width=\"411\" height=\"482\" src=\"http:\/\/www.pocketpharma.be\/newsite\/wp-content\/uploads\/2021\/01\/utilisateur6.png\" alt=\"\" class=\"wp-image-72\" srcset=\"https:\/\/www.pocketpharma.be\/2021\/wp-content\/uploads\/2021\/01\/utilisateur6.png 411w, https:\/\/www.pocketpharma.be\/2021\/wp-content\/uploads\/2021\/01\/utilisateur6-256x300.png 256w\" sizes=\"(max-width: 411px) 100vw, 411px\" \/><\/figure>\n\n\n\n<ul><li>Une petite ic\u00f4ne \u00e0 c\u00f4t\u00e9 de la zone \u00ab&nbsp;de glissement&nbsp;\u00bb vous indique la pr\u00e9sence ou non d\u2019une fen\u00eatre \u00e0 droite et\/ou \u00e0 gauche de la fen\u00eatre affich\u00e9e.<\/li><\/ul>\n\n\n\n<figure class=\"wp-block-image\"><img loading=\"lazy\" width=\"416\" height=\"223\" src=\"http:\/\/www.pocketpharma.be\/newsite\/wp-content\/uploads\/2021\/01\/utilisateur7.png\" alt=\"\" class=\"wp-image-73\" srcset=\"https:\/\/www.pocketpharma.be\/2021\/wp-content\/uploads\/2021\/01\/utilisateur7.png 416w, https:\/\/www.pocketpharma.be\/2021\/wp-content\/uploads\/2021\/01\/utilisateur7-300x161.png 300w\" sizes=\"(max-width: 416px) 100vw, 416px\" \/><\/figure>\n\n\n\n<ul><li>Un menu g\u00e9n\u00e9ral se trouve \u00e0 droite de la fen\u00eatre d\u2019accueil et reprend l\u2019ensemble des outils disponibles.<\/li><\/ul>\n\n\n\n<figure class=\"wp-block-image\"><img loading=\"lazy\" width=\"419\" height=\"527\" src=\"http:\/\/www.pocketpharma.be\/newsite\/wp-content\/uploads\/2021\/01\/utilisateur8.png\" alt=\"\" class=\"wp-image-74\" srcset=\"https:\/\/www.pocketpharma.be\/2021\/wp-content\/uploads\/2021\/01\/utilisateur8.png 419w, https:\/\/www.pocketpharma.be\/2021\/wp-content\/uploads\/2021\/01\/utilisateur8-239x300.png 239w\" sizes=\"(max-width: 419px) 100vw, 419px\" \/><\/figure>\n\n\n\n<ul><li>La majorit\u00e9 des fen\u00eatres contiennent des zones d\u2019interaction permettant d\u2019acc\u00e9der aux diff\u00e9rentes fonctions propos\u00e9es. Exemple&nbsp;:<\/li><\/ul>\n\n\n\n<figure class=\"wp-block-image\"><img loading=\"lazy\" width=\"419\" height=\"409\" src=\"http:\/\/www.pocketpharma.be\/newsite\/wp-content\/uploads\/2021\/01\/utilisateur9.png\" alt=\"\" class=\"wp-image-75\" srcset=\"https:\/\/www.pocketpharma.be\/2021\/wp-content\/uploads\/2021\/01\/utilisateur9.png 419w, https:\/\/www.pocketpharma.be\/2021\/wp-content\/uploads\/2021\/01\/utilisateur9-300x293.png 300w\" sizes=\"(max-width: 419px) 100vw, 419px\" \/><\/figure>\n\n\n\n<ul><li>Une fois dans les diff\u00e9rentes fen\u00eatres une petite ic\u00f4ne \u00ab maison \u00bb vous permettra de revenir \u00e0 la page d\u2019accueil.<\/li><\/ul>\n\n\n\n<figure class=\"wp-block-image\"><img loading=\"lazy\" width=\"418\" height=\"370\" src=\"http:\/\/www.pocketpharma.be\/newsite\/wp-content\/uploads\/2021\/01\/utilisateur10.png\" alt=\"\" class=\"wp-image-76\" srcset=\"https:\/\/www.pocketpharma.be\/2021\/wp-content\/uploads\/2021\/01\/utilisateur10.png 418w, https:\/\/www.pocketpharma.be\/2021\/wp-content\/uploads\/2021\/01\/utilisateur10-300x266.png 300w\" sizes=\"(max-width: 418px) 100vw, 418px\" \/><\/figure>\n\n\n\n<ul><li>Le bandeau sup\u00e9rieur de la page d\u2019accueil comporte 3 fonctions&nbsp;:<\/li><li>La zone \u00ab&nbsp;param\u00e8tres&nbsp;\u00bb vous donne acc\u00e8s \u00e0 plusieurs utilitaires tels que&nbsp;: sauvegarde des donn\u00e9es, mise \u00e0 jour des informations de la Pharmacie, d\u00e9connexion du compte ou d\u00e9sinscription d\u2019une pharmacie&nbsp;:<\/li><\/ul>\n\n\n\n<figure class=\"wp-block-image\"><img loading=\"lazy\" width=\"415\" height=\"136\" src=\"http:\/\/www.pocketpharma.be\/newsite\/wp-content\/uploads\/2021\/01\/utilisateur11.png\" alt=\"\" class=\"wp-image-77\" srcset=\"https:\/\/www.pocketpharma.be\/2021\/wp-content\/uploads\/2021\/01\/utilisateur11.png 415w, https:\/\/www.pocketpharma.be\/2021\/wp-content\/uploads\/2021\/01\/utilisateur11-300x98.png 300w\" sizes=\"(max-width: 415px) 100vw, 415px\" \/><\/figure>\n\n\n\n<ul><li>Un raccourci vers la mise \u00e0 jour des informations de la Pharmacie&nbsp;:<\/li><\/ul>\n\n\n\n<figure class=\"wp-block-image\"><img loading=\"lazy\" width=\"415\" height=\"136\" src=\"http:\/\/www.pocketpharma.be\/newsite\/wp-content\/uploads\/2021\/01\/utilisateur12.png\" alt=\"\" class=\"wp-image-78\" srcset=\"https:\/\/www.pocketpharma.be\/2021\/wp-content\/uploads\/2021\/01\/utilisateur12.png 415w, https:\/\/www.pocketpharma.be\/2021\/wp-content\/uploads\/2021\/01\/utilisateur12-300x98.png 300w\" sizes=\"(max-width: 415px) 100vw, 415px\" \/><\/figure>\n\n\n\n<ul><li>Une zone de raccourci vers le carnetde sant\u00e9, les prises de m\u00e9dicaments, la messagerie et le volet \u00ab\u00e0 propos&nbsp;\u00bb:<\/li><\/ul>\n\n\n\n<figure class=\"wp-block-image\"><img loading=\"lazy\" width=\"415\" height=\"136\" src=\"http:\/\/www.pocketpharma.be\/newsite\/wp-content\/uploads\/2021\/01\/utilisateur13.png\" alt=\"\" class=\"wp-image-79\" srcset=\"https:\/\/www.pocketpharma.be\/2021\/wp-content\/uploads\/2021\/01\/utilisateur13.png 415w, https:\/\/www.pocketpharma.be\/2021\/wp-content\/uploads\/2021\/01\/utilisateur13-300x98.png 300w\" sizes=\"(max-width: 415px) 100vw, 415px\" \/><\/figure>\n\n\n\n<figure class=\"wp-block-image\"><img loading=\"lazy\" width=\"747\" height=\"508\" src=\"http:\/\/www.pocketpharma.be\/newsite\/wp-content\/uploads\/2021\/01\/utilisateur14.jpg\" alt=\"\" class=\"wp-image-80\" srcset=\"https:\/\/www.pocketpharma.be\/2021\/wp-content\/uploads\/2021\/01\/utilisateur14.jpg 747w, https:\/\/www.pocketpharma.be\/2021\/wp-content\/uploads\/2021\/01\/utilisateur14-300x204.jpg 300w\" sizes=\"(max-width: 747px) 100vw, 747px\" \/><\/figure>\n\n\n\n<ul><li>Dans la zone sup\u00e9rieure apparait \u00e9galement le nom de la personne concern\u00e9e par la zone Sant\u00e9 ainsi qu\u2019une fonction \u00ab&nbsp;Change&nbsp;\u00bb permettant de passer d\u2019un membre de la famille \u00e0 un autre.<\/li><\/ul>\n\n\n\n<figure class=\"wp-block-image\"><img loading=\"lazy\" width=\"415\" height=\"136\" src=\"http:\/\/www.pocketpharma.be\/newsite\/wp-content\/uploads\/2021\/01\/utilisateur15.png\" alt=\"\" class=\"wp-image-81\" srcset=\"https:\/\/www.pocketpharma.be\/2021\/wp-content\/uploads\/2021\/01\/utilisateur15.png 415w, https:\/\/www.pocketpharma.be\/2021\/wp-content\/uploads\/2021\/01\/utilisateur15-300x98.png 300w\" sizes=\"(max-width: 415px) 100vw, 415px\" \/><\/figure>\n","protected":false},"excerpt":{"rendered":"<p>Notions de base L\u2019application n\u00e9cessite que votre smartphone soit connect\u00e9 au r\u00e9seau internet (Wifi ou 3G-4G) pour fonctionner correctement. Les diff\u00e9rentes fonctions de l\u2019application sont r\u00e9parties en 3 volets :&nbsp;&nbsp;&nbsp;&nbsp;&nbsp;&nbsp;&nbsp;&nbsp;&nbsp;&nbsp;&nbsp;&nbsp;&nbsp;&nbsp;&nbsp;&nbsp;&nbsp;&nbsp;&nbsp;&nbsp;&nbsp;&nbsp;&nbsp;&nbsp;&nbsp;&nbsp; &nbsp;&nbsp;&nbsp;&nbsp;&nbsp;&nbsp;&nbsp;&nbsp;&nbsp;&nbsp;&nbsp;&nbsp;&nbsp;&nbsp;&nbsp;&nbsp;&nbsp;&nbsp;&nbsp;&nbsp;&nbsp;&nbsp;&nbsp;&nbsp;&nbsp;&nbsp;&nbsp; la Pharmacie en vert (Infos-Blog-Messagerie) &nbsp;&nbsp;&nbsp;&nbsp;&nbsp;&nbsp;&nbsp;&nbsp;&nbsp;&nbsp;&nbsp;&nbsp;&nbsp;&nbsp;&nbsp;&nbsp;&nbsp;&nbsp;&nbsp;&nbsp;&nbsp;&nbsp;&nbsp;&nbsp;&nbsp;&nbsp;&nbsp;&nbsp;&nbsp;&nbsp;&nbsp;&nbsp;&nbsp;&nbsp;&nbsp;&nbsp;&nbsp; &nbsp;&nbsp;&nbsp;&nbsp;&nbsp;&nbsp;&nbsp;&nbsp; la sant\u00e9 en rouge (Profil-traitement-vaccins\u2026) et quelques outils pratiques en bleu (Agenda-Contacts-Animaux). La navigation dans l\u2019application se [&hellip;]<\/p>\n","protected":false},"author":1,"featured_media":0,"parent":0,"menu_order":0,"comment_status":"closed","ping_status":"closed","template":"","meta":[],"_links":{"self":[{"href":"https:\/\/www.pocketpharma.be\/2021\/index.php\/wp-json\/wp\/v2\/pages\/284"}],"collection":[{"href":"https:\/\/www.pocketpharma.be\/2021\/index.php\/wp-json\/wp\/v2\/pages"}],"about":[{"href":"https:\/\/www.pocketpharma.be\/2021\/index.php\/wp-json\/wp\/v2\/types\/page"}],"author":[{"embeddable":true,"href":"https:\/\/www.pocketpharma.be\/2021\/index.php\/wp-json\/wp\/v2\/users\/1"}],"replies":[{"embeddable":true,"href":"https:\/\/www.pocketpharma.be\/2021\/index.php\/wp-json\/wp\/v2\/comments?post=284"}],"version-history":[{"count":2,"href":"https:\/\/www.pocketpharma.be\/2021\/index.php\/wp-json\/wp\/v2\/pages\/284\/revisions"}],"predecessor-version":[{"id":296,"href":"https:\/\/www.pocketpharma.be\/2021\/index.php\/wp-json\/wp\/v2\/pages\/284\/revisions\/296"}],"wp:attachment":[{"href":"https:\/\/www.pocketpharma.be\/2021\/index.php\/wp-json\/wp\/v2\/media?parent=284"}],"curies":[{"name":"wp","href":"https:\/\/api.w.org\/{rel}","templated":true}]}}