{"id":286,"date":"2021-02-09T16:01:33","date_gmt":"2021-02-09T15:01:33","guid":{"rendered":"http:\/\/www.pocketpharma.be\/newsite\/?page_id=286"},"modified":"2021-02-09T16:01:33","modified_gmt":"2021-02-09T15:01:33","slug":"volet-pharmacie","status":"publish","type":"page","link":"https:\/\/www.pocketpharma.be\/2021\/index.php\/volet-pharmacie\/","title":{"rendered":"Volet pharmacie"},"content":{"rendered":"\n<ul><li><strong><u>Pharmacie<\/u><\/strong><\/li><\/ul>\n\n\n\n<p>Cette partie regroupe toutes les fonctions en lien avec votre Pharmacie et est ind\u00e9pendante du membre de la famille s\u00e9lectionn\u00e9 (titulaire par d\u00e9faut \u00e0 l\u2019ouverture de l\u2019application).<\/p>\n\n\n\n<ul><li><strong><u>Informations (5 fen\u00eatres)<\/u><\/strong><\/li><\/ul>\n\n\n\n<figure class=\"wp-block-image\"><img loading=\"lazy\" width=\"269\" height=\"163\" src=\"http:\/\/www.pocketpharma.be\/newsite\/wp-content\/uploads\/2021\/01\/utilisateur16.png\" alt=\"\" class=\"wp-image-82\"\/><\/figure>\n\n\n\n<p>Regroupe les informations g\u00e9n\u00e9rales de votre Pharmacie&nbsp;: coordonn\u00e9es, horaire, pr\u00e9sentation de l\u2019\u00e9quipe, gammes et services propos\u00e9s ainsi que les jours de fermeture et de garde.<\/p>\n\n\n\n<ul><li>La deuxi\u00e8me fen\u00eatre vous permettra d\u2019appeler directement la pharmacie ou de lui envoyer un mail \u00e0 partir des touches propos\u00e9es&nbsp;:<\/li><\/ul>\n\n\n\n<figure class=\"wp-block-image\"><img loading=\"lazy\" width=\"419\" height=\"463\" src=\"http:\/\/www.pocketpharma.be\/newsite\/wp-content\/uploads\/2021\/01\/utilisateur17.png\" alt=\"\" class=\"wp-image-83\" srcset=\"https:\/\/www.pocketpharma.be\/2021\/wp-content\/uploads\/2021\/01\/utilisateur17.png 419w, https:\/\/www.pocketpharma.be\/2021\/wp-content\/uploads\/2021\/01\/utilisateur17-271x300.png 271w\" sizes=\"(max-width: 419px) 100vw, 419px\" \/><\/figure>\n\n\n\n<ul><li>De la m\u00eame mani\u00e8re les num\u00e9ros utiles propos\u00e9s dans la troisi\u00e8me fen\u00eatre pourront \u00e9galement \u00eatre directement accessibles&nbsp;:<\/li><\/ul>\n\n\n\n<figure class=\"wp-block-image\"><img loading=\"lazy\" width=\"416\" height=\"283\" src=\"http:\/\/www.pocketpharma.be\/newsite\/wp-content\/uploads\/2021\/01\/utilisateur18.png\" alt=\"\" class=\"wp-image-84\" srcset=\"https:\/\/www.pocketpharma.be\/2021\/wp-content\/uploads\/2021\/01\/utilisateur18.png 416w, https:\/\/www.pocketpharma.be\/2021\/wp-content\/uploads\/2021\/01\/utilisateur18-300x204.png 300w\" sizes=\"(max-width: 416px) 100vw, 416px\" \/><\/figure>\n\n\n\n<ul><li>La derni\u00e8re fen\u00eatre permet \u00e0 votre Pharmacien de vous communiquer si il le d\u00e9sire ses jours de garde et de fermeture.&nbsp; Le bas de la page comporte 3 boutons permettant d\u2019afficher les jours de garde ou de fermeture ainsi que de mettre \u00e0 jour les informations&nbsp;:<\/li><\/ul>\n\n\n\n<figure class=\"wp-block-image\"><img loading=\"lazy\" width=\"420\" height=\"341\" src=\"http:\/\/www.pocketpharma.be\/newsite\/wp-content\/uploads\/2021\/01\/utilisateur19.png\" alt=\"\" class=\"wp-image-85\" srcset=\"https:\/\/www.pocketpharma.be\/2021\/wp-content\/uploads\/2021\/01\/utilisateur19.png 420w, https:\/\/www.pocketpharma.be\/2021\/wp-content\/uploads\/2021\/01\/utilisateur19-300x244.png 300w\" sizes=\"(max-width: 420px) 100vw, 420px\" \/><\/figure>\n\n\n\n<ul><li><strong><u>Blog<\/u><\/strong><\/li><\/ul>\n\n\n\n<p>R\u00e9ception dynamique d\u2019informations diverses&nbsp;: conseils sant\u00e9, promotions, infos saisonni\u00e8res, animations, \u00e9v\u00e8nements, etc\u2026<\/p>\n\n\n\n<ul><li>La fonction \u00ab&nbsp;poubelle&nbsp;\u00bb dans le bandeau sup\u00e9rieur permet de vider les anciennes pages stock\u00e9es dans le t\u00e9l\u00e9phone&nbsp;:<\/li><\/ul>\n\n\n\n<figure class=\"wp-block-image\"><img loading=\"lazy\" width=\"415\" height=\"90\" src=\"http:\/\/www.pocketpharma.be\/newsite\/wp-content\/uploads\/2021\/01\/utilisateur20.png\" alt=\"\" class=\"wp-image-86\" srcset=\"https:\/\/www.pocketpharma.be\/2021\/wp-content\/uploads\/2021\/01\/utilisateur20.png 415w, https:\/\/www.pocketpharma.be\/2021\/wp-content\/uploads\/2021\/01\/utilisateur20-300x65.png 300w\" sizes=\"(max-width: 415px) 100vw, 415px\" \/><\/figure>\n\n\n\n<ul><li>Dans le bas de la fen\u00eatre vous trouverez les touches gauche et droite pour parcourir les diff\u00e9rentes pages \u00e9dit\u00e9es par votre Pharmacien ainsi qu\u2019une touche de mise \u00e0 jour de celles-ci&nbsp;:<\/li><\/ul>\n\n\n\n<figure class=\"wp-block-image\"><img loading=\"lazy\" width=\"421\" height=\"206\" src=\"http:\/\/www.pocketpharma.be\/newsite\/wp-content\/uploads\/2021\/01\/utilisateur21.png\" alt=\"\" class=\"wp-image-87\" srcset=\"https:\/\/www.pocketpharma.be\/2021\/wp-content\/uploads\/2021\/01\/utilisateur21.png 421w, https:\/\/www.pocketpharma.be\/2021\/wp-content\/uploads\/2021\/01\/utilisateur21-300x147.png 300w\" sizes=\"(max-width: 421px) 100vw, 421px\" \/><\/figure>\n\n\n\n<ul><li><strong><u>Liens utiles<\/u><\/strong><\/li><\/ul>\n\n\n\n<p>Liste de liens propos\u00e9s par votre Pharmacien vous permettant d\u2019acc\u00e9der en 1 clic \u00e0 toute une s\u00e9rie de page web informatives dans le domaine de la sant\u00e9, de la pr\u00e9vention, pr\u00e9sentation de gammes diverses, vid\u00e9os de d\u00e9monstration, \u2026<\/p>\n\n\n\n<ul><li>Chaque lien active l\u2019ouverture de la page web ou de la vid\u00e9o associ\u00e9e&nbsp;:<\/li><\/ul>\n\n\n\n<figure class=\"wp-block-image\"><img loading=\"lazy\" width=\"416\" height=\"254\" src=\"http:\/\/www.pocketpharma.be\/newsite\/wp-content\/uploads\/2021\/01\/utilisateur22.png\" alt=\"\" class=\"wp-image-89\" srcset=\"https:\/\/www.pocketpharma.be\/2021\/wp-content\/uploads\/2021\/01\/utilisateur22.png 416w, https:\/\/www.pocketpharma.be\/2021\/wp-content\/uploads\/2021\/01\/utilisateur22-300x183.png 300w\" sizes=\"(max-width: 416px) 100vw, 416px\" \/><\/figure>\n\n\n\n<ul><li><strong><u>Message<\/u><\/strong><\/li><\/ul>\n\n\n\n<p>Restez en contact avec votre Pharmacie habituelle gr\u00e2ce \u00e0 la messagerie int\u00e9gr\u00e9e directement reli\u00e9e \u00e0 l\u2019Officine.&nbsp; Echange de messages, envoi de photos, commandes ou d\u2019ordonnances et acc\u00e8s \u00e0 la plateforme de vente en ligne si disponible.<\/p>\n\n\n\n<ul><li>La fen\u00eatre vous propose le fil de vos messages, une zone pour la r\u00e9daction de votre message, une touche pour l\u2019envoi de photo, une touche pour scanner le code barre de votre ordonnance \u00e9lectronique, un lien vers le webshop si disponible et la touche envoi de votre message&nbsp;:<\/li><\/ul>\n\n\n\n<figure class=\"wp-block-image\"><img loading=\"lazy\" width=\"1024\" height=\"525\" src=\"http:\/\/www.pocketpharma.be\/newsite\/wp-content\/uploads\/2021\/01\/utilisateur23-1024x525.jpg\" alt=\"\" class=\"wp-image-90\" srcset=\"https:\/\/www.pocketpharma.be\/2021\/wp-content\/uploads\/2021\/01\/utilisateur23-1024x525.jpg 1024w, https:\/\/www.pocketpharma.be\/2021\/wp-content\/uploads\/2021\/01\/utilisateur23-300x154.jpg 300w, https:\/\/www.pocketpharma.be\/2021\/wp-content\/uploads\/2021\/01\/utilisateur23-768x394.jpg 768w, https:\/\/www.pocketpharma.be\/2021\/wp-content\/uploads\/2021\/01\/utilisateur23.jpg 1065w\" sizes=\"(max-width: 1024px) 100vw, 1024px\" \/><\/figure>\n","protected":false},"excerpt":{"rendered":"<p>Pharmacie Cette partie regroupe toutes les fonctions en lien avec votre Pharmacie et est ind\u00e9pendante du membre de la famille s\u00e9lectionn\u00e9 (titulaire par d\u00e9faut \u00e0 l\u2019ouverture de l\u2019application). Informations (5 fen\u00eatres) Regroupe les informations g\u00e9n\u00e9rales de votre Pharmacie&nbsp;: coordonn\u00e9es, horaire, pr\u00e9sentation de l\u2019\u00e9quipe, gammes et services propos\u00e9s ainsi que les jours de fermeture et de [&hellip;]<\/p>\n","protected":false},"author":1,"featured_media":0,"parent":0,"menu_order":0,"comment_status":"closed","ping_status":"closed","template":"","meta":[],"_links":{"self":[{"href":"https:\/\/www.pocketpharma.be\/2021\/index.php\/wp-json\/wp\/v2\/pages\/286"}],"collection":[{"href":"https:\/\/www.pocketpharma.be\/2021\/index.php\/wp-json\/wp\/v2\/pages"}],"about":[{"href":"https:\/\/www.pocketpharma.be\/2021\/index.php\/wp-json\/wp\/v2\/types\/page"}],"author":[{"embeddable":true,"href":"https:\/\/www.pocketpharma.be\/2021\/index.php\/wp-json\/wp\/v2\/users\/1"}],"replies":[{"embeddable":true,"href":"https:\/\/www.pocketpharma.be\/2021\/index.php\/wp-json\/wp\/v2\/comments?post=286"}],"version-history":[{"count":1,"href":"https:\/\/www.pocketpharma.be\/2021\/index.php\/wp-json\/wp\/v2\/pages\/286\/revisions"}],"predecessor-version":[{"id":287,"href":"https:\/\/www.pocketpharma.be\/2021\/index.php\/wp-json\/wp\/v2\/pages\/286\/revisions\/287"}],"wp:attachment":[{"href":"https:\/\/www.pocketpharma.be\/2021\/index.php\/wp-json\/wp\/v2\/media?parent=286"}],"curies":[{"name":"wp","href":"https:\/\/api.w.org\/{rel}","templated":true}]}}