{"id":288,"date":"2021-02-09T16:02:54","date_gmt":"2021-02-09T15:02:54","guid":{"rendered":"http:\/\/www.pocketpharma.be\/newsite\/?page_id=288"},"modified":"2021-02-09T16:02:54","modified_gmt":"2021-02-09T15:02:54","slug":"sante","status":"publish","type":"page","link":"https:\/\/www.pocketpharma.be\/2021\/index.php\/sante\/","title":{"rendered":"Sant\u00e9"},"content":{"rendered":"\n<ul><li><strong><u>Sant\u00e9<\/u><\/strong><\/li><\/ul>\n\n\n\n<p>Outils de gestion de sant\u00e9 li\u00e9s au membre de la famille s\u00e9lectionn\u00e9.<\/p>\n\n\n\n<ul><li><strong><u>Profil (4 fen\u00eatres)<\/u><\/strong><\/li><\/ul>\n\n\n\n<p>Stockez vos donn\u00e9es personnelles, ajoutez les membres de votre famille et vos animaux de compagnie.&nbsp; Vous pourrez ainsi g\u00e9rer le profil g\u00e9n\u00e9ral de chacun (taille, poids, groupe sanguin, etc\u2026)<\/p>\n\n\n\n<ul><li>Premi\u00e8re fen\u00eatre&nbsp;: informations personnelles.<\/li><li>Deuxi\u00e8me fen\u00eatre&nbsp;: coordonn\u00e9es.<\/li><li>Troisi\u00e8me fen\u00eatre&nbsp;: gestion des membres de la famille.<\/li><li>Quatri\u00e8me fen\u00eatre&nbsp;: informations m\u00e9dicales.<\/li><\/ul>\n\n\n\n<p>Vue de la \u00ab&nbsp;famille&nbsp;\u00bb&nbsp;:<\/p>\n\n\n\n<figure class=\"wp-block-image\"><img loading=\"lazy\" width=\"414\" height=\"309\" src=\"http:\/\/www.pocketpharma.be\/newsite\/wp-content\/uploads\/2021\/01\/utilisateur24.png\" alt=\"\" class=\"wp-image-91\" srcset=\"https:\/\/www.pocketpharma.be\/2021\/wp-content\/uploads\/2021\/01\/utilisateur24.png 414w, https:\/\/www.pocketpharma.be\/2021\/wp-content\/uploads\/2021\/01\/utilisateur24-300x224.png 300w\" sizes=\"(max-width: 414px) 100vw, 414px\" \/><\/figure>\n\n\n\n<ul><li>Ajout d\u2019un membre de la famille&nbsp;:<\/li><\/ul>\n\n\n\n<figure class=\"wp-block-image\"><img loading=\"lazy\" width=\"415\" height=\"222\" src=\"http:\/\/www.pocketpharma.be\/newsite\/wp-content\/uploads\/2021\/01\/utilisateur25.png\" alt=\"\" class=\"wp-image-92\" srcset=\"https:\/\/www.pocketpharma.be\/2021\/wp-content\/uploads\/2021\/01\/utilisateur25.png 415w, https:\/\/www.pocketpharma.be\/2021\/wp-content\/uploads\/2021\/01\/utilisateur25-300x160.png 300w\" sizes=\"(max-width: 415px) 100vw, 415px\" \/><\/figure>\n\n\n\n<ul><li>Encodez un nouveau profil et validez&nbsp;:<\/li><\/ul>\n\n\n\n<figure class=\"wp-block-image\"><img loading=\"lazy\" width=\"390\" height=\"679\" src=\"http:\/\/www.pocketpharma.be\/newsite\/wp-content\/uploads\/2021\/01\/utilisateur26.png\" alt=\"\" class=\"wp-image-93\" srcset=\"https:\/\/www.pocketpharma.be\/2021\/wp-content\/uploads\/2021\/01\/utilisateur26.png 390w, https:\/\/www.pocketpharma.be\/2021\/wp-content\/uploads\/2021\/01\/utilisateur26-172x300.png 172w\" sizes=\"(max-width: 390px) 100vw, 390px\" \/><\/figure>\n\n\n\n<ul><li>Encodez et modifiez les informations du profil&nbsp;:<\/li><\/ul>\n\n\n\n<figure class=\"wp-block-image\"><img loading=\"lazy\" width=\"417\" height=\"357\" src=\"http:\/\/www.pocketpharma.be\/newsite\/wp-content\/uploads\/2021\/01\/utilisateur27.png\" alt=\"\" class=\"wp-image-94\" srcset=\"https:\/\/www.pocketpharma.be\/2021\/wp-content\/uploads\/2021\/01\/utilisateur27.png 417w, https:\/\/www.pocketpharma.be\/2021\/wp-content\/uploads\/2021\/01\/utilisateur27-300x257.png 300w\" sizes=\"(max-width: 417px) 100vw, 417px\" \/><\/figure>\n\n\n\n<figure class=\"wp-block-image\"><img loading=\"lazy\" width=\"417\" height=\"230\" src=\"http:\/\/www.pocketpharma.be\/newsite\/wp-content\/uploads\/2021\/01\/utilisateur28.png\" alt=\"\" class=\"wp-image-95\" srcset=\"https:\/\/www.pocketpharma.be\/2021\/wp-content\/uploads\/2021\/01\/utilisateur28.png 417w, https:\/\/www.pocketpharma.be\/2021\/wp-content\/uploads\/2021\/01\/utilisateur28-300x165.png 300w\" sizes=\"(max-width: 417px) 100vw, 417px\" \/><\/figure>\n\n\n\n<ul><li><strong><u>Carnet sant\u00e9 (3 fen\u00eatres)<\/u><\/strong><\/li><\/ul>\n\n\n\n<p>Compl\u00e9tez et m\u00e9morisez les fiches de sant\u00e9 de toute la famille&nbsp;: intol\u00e9rances, pathologies, allergies.&nbsp; Utilisez les outils de contr\u00f4le de tension ou de glyc\u00e9mie.&nbsp; Encodez et m\u00e9morisez vos traitements, visualisez les diff\u00e9rentes prises de m\u00e9dicaments au fil de la journ\u00e9e.<\/p>\n\n\n\n<ul><li>La premi\u00e8re fen\u00eatre vous permet d\u2019encoder votre fiche de sant\u00e9 ou celle d\u2019un membre de la famille&nbsp;:<\/li><\/ul>\n\n\n\n<figure class=\"wp-block-image\"><img loading=\"lazy\" width=\"414\" height=\"325\" src=\"http:\/\/www.pocketpharma.be\/newsite\/wp-content\/uploads\/2021\/01\/utilisateur29.png\" alt=\"\" class=\"wp-image-96\" srcset=\"https:\/\/www.pocketpharma.be\/2021\/wp-content\/uploads\/2021\/01\/utilisateur29.png 414w, https:\/\/www.pocketpharma.be\/2021\/wp-content\/uploads\/2021\/01\/utilisateur29-300x236.png 300w\" sizes=\"(max-width: 414px) 100vw, 414px\" \/><\/figure>\n\n\n\n<ul><li>Encodez intol\u00e9rances, allergies, maladies chroniques et praticiens&nbsp;:<\/li><\/ul>\n\n\n\n<figure class=\"wp-block-image\"><img loading=\"lazy\" width=\"417\" height=\"358\" src=\"http:\/\/www.pocketpharma.be\/newsite\/wp-content\/uploads\/2021\/01\/utilisateur30.png\" alt=\"\" class=\"wp-image-97\" srcset=\"https:\/\/www.pocketpharma.be\/2021\/wp-content\/uploads\/2021\/01\/utilisateur30.png 417w, https:\/\/www.pocketpharma.be\/2021\/wp-content\/uploads\/2021\/01\/utilisateur30-300x258.png 300w\" sizes=\"(max-width: 417px) 100vw, 417px\" \/><\/figure>\n\n\n\n<ul><li>S\u00e9lectionnez ou introduisez les diff\u00e9rentes informations \u00e0 m\u00e9moriser&nbsp;:<\/li><\/ul>\n\n\n\n<figure class=\"wp-block-image\"><img loading=\"lazy\" width=\"418\" height=\"252\" src=\"http:\/\/www.pocketpharma.be\/newsite\/wp-content\/uploads\/2021\/01\/utilisateur31.png\" alt=\"\" class=\"wp-image-98\" srcset=\"https:\/\/www.pocketpharma.be\/2021\/wp-content\/uploads\/2021\/01\/utilisateur31.png 418w, https:\/\/www.pocketpharma.be\/2021\/wp-content\/uploads\/2021\/01\/utilisateur31-300x181.png 300w\" sizes=\"(max-width: 418px) 100vw, 418px\" \/><\/figure>\n\n\n\n<ul><li>Deux outils pour m\u00e9moriser vos prises de tension ou de glyc\u00e9mie sont \u00e9galement disponibles&nbsp;:<\/li><\/ul>\n\n\n\n<figure class=\"wp-block-image\"><img loading=\"lazy\" width=\"416\" height=\"343\" src=\"http:\/\/www.pocketpharma.be\/newsite\/wp-content\/uploads\/2021\/01\/utilisateur32.png\" alt=\"\" class=\"wp-image-99\" srcset=\"https:\/\/www.pocketpharma.be\/2021\/wp-content\/uploads\/2021\/01\/utilisateur32.png 416w, https:\/\/www.pocketpharma.be\/2021\/wp-content\/uploads\/2021\/01\/utilisateur32-300x247.png 300w\" sizes=\"(max-width: 416px) 100vw, 416px\" \/><\/figure>\n\n\n\n<ul><li>Une fois valid\u00e9es toutes les donn\u00e9es se retrouveront r\u00e9sum\u00e9s sur votre carnet de sant\u00e9.<\/li><li>Ajoutez et visualisez vos traitements m\u00e9dicaux sur la deuxi\u00e8me fen\u00eatre&nbsp;:<\/li><\/ul>\n\n\n\n<figure class=\"wp-block-image\"><img loading=\"lazy\" width=\"443\" height=\"367\" src=\"http:\/\/www.pocketpharma.be\/newsite\/wp-content\/uploads\/2021\/01\/utilisateur33.png\" alt=\"\" class=\"wp-image-100\" srcset=\"https:\/\/www.pocketpharma.be\/2021\/wp-content\/uploads\/2021\/01\/utilisateur33.png 443w, https:\/\/www.pocketpharma.be\/2021\/wp-content\/uploads\/2021\/01\/utilisateur33-300x249.png 300w\" sizes=\"(max-width: 443px) 100vw, 443px\" \/><\/figure>\n\n\n\n<ul><li>Compl\u00e9tez chaque fiche en suivant les indications de votre m\u00e9decin et de votre pharmacien. Compl\u00e9tez les champs disponibles&nbsp;: nom du m\u00e9dicament, dur\u00e9e du traitement.&nbsp; Vous avez la possibilit\u00e9 de demander \u00e0 Pocketpharma de vous rappeler le moment de prise de chaque m\u00e9dicament(via l\u2019utilisation de l\u2019agenda de votre smartphone et d\u2019une fonction de rappel) ainsi que confirmer la prise de ceux-ci. La troisi\u00e8me option \u00ab&nbsp;traitement de fond&nbsp;\u00bb vous permet de m\u00e9moriser votre traitement dans l\u2019application sans mise \u00e0 l\u2019agenda.<\/li><\/ul>\n\n\n\n<figure class=\"wp-block-image\"><img loading=\"lazy\" width=\"715\" height=\"795\" src=\"http:\/\/www.pocketpharma.be\/newsite\/wp-content\/uploads\/2021\/01\/utilisateur34.jpg\" alt=\"\" class=\"wp-image-101\" srcset=\"https:\/\/www.pocketpharma.be\/2021\/wp-content\/uploads\/2021\/01\/utilisateur34.jpg 715w, https:\/\/www.pocketpharma.be\/2021\/wp-content\/uploads\/2021\/01\/utilisateur34-270x300.jpg 270w\" sizes=\"(max-width: 715px) 100vw, 715px\" \/><\/figure>\n\n\n\n<ul><li>Une deuxi\u00e8me partie vous permet de m\u00e9morisez les heures de prises, les moments, les indications&nbsp;:<\/li><\/ul>\n\n\n\n<figure class=\"wp-block-image\"><img loading=\"lazy\" width=\"415\" height=\"227\" src=\"http:\/\/www.pocketpharma.be\/newsite\/wp-content\/uploads\/2021\/01\/utilisateur35.png\" alt=\"\" class=\"wp-image-102\" srcset=\"https:\/\/www.pocketpharma.be\/2021\/wp-content\/uploads\/2021\/01\/utilisateur35.png 415w, https:\/\/www.pocketpharma.be\/2021\/wp-content\/uploads\/2021\/01\/utilisateur35-300x164.png 300w\" sizes=\"(max-width: 415px) 100vw, 415px\" \/><\/figure>\n\n\n\n<ul><li>La troisi\u00e8me fen\u00eatre constitue la ligne du temps des diff\u00e9rentes prises de m\u00e9dicaments (Sch\u00e9ma de m\u00e9dication).&nbsp; La pastille verte permet de confirmer la prise du m\u00e9dicament, la pastille info fait apparaitre les informations li\u00e9es \u00e0 la prise du m\u00e9dicament. &nbsp;Un code couleur est disponible en bas de la fen\u00eatre.<\/li><\/ul>\n\n\n\n<figure class=\"wp-block-image\"><img loading=\"lazy\" width=\"416\" height=\"370\" src=\"http:\/\/www.pocketpharma.be\/newsite\/wp-content\/uploads\/2021\/01\/utilisateur36.png\" alt=\"\" class=\"wp-image-103\" srcset=\"https:\/\/www.pocketpharma.be\/2021\/wp-content\/uploads\/2021\/01\/utilisateur36.png 416w, https:\/\/www.pocketpharma.be\/2021\/wp-content\/uploads\/2021\/01\/utilisateur36-300x267.png 300w\" sizes=\"(max-width: 416px) 100vw, 416px\" \/><\/figure>\n\n\n\n<figure class=\"wp-block-image\"><img loading=\"lazy\" width=\"282\" height=\"418\" src=\"http:\/\/www.pocketpharma.be\/newsite\/wp-content\/uploads\/2021\/01\/utilisateur37.png\" alt=\"\" class=\"wp-image-104\" srcset=\"https:\/\/www.pocketpharma.be\/2021\/wp-content\/uploads\/2021\/01\/utilisateur37.png 282w, https:\/\/www.pocketpharma.be\/2021\/wp-content\/uploads\/2021\/01\/utilisateur37-202x300.png 202w\" sizes=\"(max-width: 282px) 100vw, 282px\" \/><\/figure>\n\n\n\n<ul><li><strong><u>Vaccins (5 fen\u00eatres)<\/u><\/strong><\/li><\/ul>\n\n\n\n<p>Visualisez le carnet de vaccination de chaque membre de la famille et compl\u00e9tez-le au fil du temps.<\/p>\n\n\n\n<ul><li>Les trois premi\u00e8res fen\u00eatres permettent de visualiser et d\u2019encoder les diff\u00e9rents vaccins obligatoires, le passage entre le mode de visualisation et d\u2019\u00e9dition s\u2019effectue via le rectangle en bas de la page&nbsp;:<\/li><\/ul>\n\n\n\n<figure class=\"wp-block-image\"><img loading=\"lazy\" width=\"417\" height=\"397\" src=\"http:\/\/www.pocketpharma.be\/newsite\/wp-content\/uploads\/2021\/01\/utilisateur38.png\" alt=\"\" class=\"wp-image-105\" srcset=\"https:\/\/www.pocketpharma.be\/2021\/wp-content\/uploads\/2021\/01\/utilisateur38.png 417w, https:\/\/www.pocketpharma.be\/2021\/wp-content\/uploads\/2021\/01\/utilisateur38-300x286.png 300w\" sizes=\"(max-width: 417px) 100vw, 417px\" \/><\/figure>\n\n\n\n<figure class=\"wp-block-image\"><img loading=\"lazy\" width=\"285\" height=\"197\" src=\"http:\/\/www.pocketpharma.be\/newsite\/wp-content\/uploads\/2021\/01\/utilisateur39.png\" alt=\"\" class=\"wp-image-106\"\/><\/figure>\n\n\n\n<ul><li>Une aide sur les codes couleurs utilis\u00e9s se trouve au bas de la page&nbsp;:<\/li><\/ul>\n\n\n\n<figure class=\"wp-block-image\"><img loading=\"lazy\" width=\"281\" height=\"483\" src=\"http:\/\/www.pocketpharma.be\/newsite\/wp-content\/uploads\/2021\/01\/utilisateur40.png\" alt=\"\" class=\"wp-image-107\" srcset=\"https:\/\/www.pocketpharma.be\/2021\/wp-content\/uploads\/2021\/01\/utilisateur40.png 281w, https:\/\/www.pocketpharma.be\/2021\/wp-content\/uploads\/2021\/01\/utilisateur40-175x300.png 175w\" sizes=\"(max-width: 281px) 100vw, 281px\" \/><\/figure>\n\n\n\n<ul><li>La quatri\u00e8me fen\u00eatre reprend la liste des diff\u00e9rents vaccins, un encodage des dates de vaccination est \u00e9galement possible \u00e0 ce niveau&nbsp;:<\/li><\/ul>\n\n\n\n<figure class=\"wp-block-image\"><img loading=\"lazy\" width=\"415\" height=\"222\" src=\"http:\/\/www.pocketpharma.be\/newsite\/wp-content\/uploads\/2021\/01\/utilisateur41.png\" alt=\"\" class=\"wp-image-108\" srcset=\"https:\/\/www.pocketpharma.be\/2021\/wp-content\/uploads\/2021\/01\/utilisateur41.png 415w, https:\/\/www.pocketpharma.be\/2021\/wp-content\/uploads\/2021\/01\/utilisateur41-300x160.png 300w\" sizes=\"(max-width: 415px) 100vw, 415px\" \/><\/figure>\n\n\n\n<ul><li>La derni\u00e8re fen\u00eatre vous permet d\u2019encoder les diff\u00e9rents vaccins facultatifs ou tropicaux&nbsp;:<\/li><\/ul>\n\n\n\n<figure class=\"wp-block-image\"><img loading=\"lazy\" width=\"416\" height=\"203\" src=\"http:\/\/www.pocketpharma.be\/newsite\/wp-content\/uploads\/2021\/01\/utilisateur42.png\" alt=\"\" class=\"wp-image-109\" srcset=\"https:\/\/www.pocketpharma.be\/2021\/wp-content\/uploads\/2021\/01\/utilisateur42.png 416w, https:\/\/www.pocketpharma.be\/2021\/wp-content\/uploads\/2021\/01\/utilisateur42-300x146.png 300w\" sizes=\"(max-width: 416px) 100vw, 416px\" \/><\/figure>\n\n\n\n<figure class=\"wp-block-image\"><img loading=\"lazy\" width=\"414\" height=\"316\" src=\"http:\/\/www.pocketpharma.be\/newsite\/wp-content\/uploads\/2021\/01\/utilisateur43.png\" alt=\"\" class=\"wp-image-110\" srcset=\"https:\/\/www.pocketpharma.be\/2021\/wp-content\/uploads\/2021\/01\/utilisateur43.png 414w, https:\/\/www.pocketpharma.be\/2021\/wp-content\/uploads\/2021\/01\/utilisateur43-300x229.png 300w\" sizes=\"(max-width: 414px) 100vw, 414px\" \/><\/figure>\n\n\n\n<ul><li><strong><u>Historique (3 fen\u00eatres)<\/u><\/strong><\/li><\/ul>\n\n\n\n<p>Gardez une trace de chaque \u00e9venement m\u00e9dical pertinent&nbsp;: interventions, op\u00e9rations, faits m\u00e9dicaux etc\u2026 Sauvegardez votre historique m\u00e9dical.<\/p>\n\n\n\n<ul><li>Ajoutez l\u2019\u00e9v\u00e8nement \u00e0 m\u00e9moriser via la touche \u00ab&nbsp;nouveau&nbsp;\u00bb en bas de la premi\u00e8re page&nbsp;:<\/li><\/ul>\n\n\n\n<figure class=\"wp-block-image\"><img loading=\"lazy\" width=\"416\" height=\"153\" src=\"http:\/\/www.pocketpharma.be\/newsite\/wp-content\/uploads\/2021\/01\/utilisateur44.png\" alt=\"\" class=\"wp-image-111\" srcset=\"https:\/\/www.pocketpharma.be\/2021\/wp-content\/uploads\/2021\/01\/utilisateur44.png 416w, https:\/\/www.pocketpharma.be\/2021\/wp-content\/uploads\/2021\/01\/utilisateur44-300x110.png 300w\" sizes=\"(max-width: 416px) 100vw, 416px\" \/><\/figure>\n\n\n\n<ul><li>Compl\u00e9tez les diff\u00e9rents champs propos\u00e9s&nbsp;:<\/li><\/ul>\n\n\n\n<figure class=\"wp-block-image\"><img loading=\"lazy\" width=\"416\" height=\"371\" src=\"http:\/\/www.pocketpharma.be\/newsite\/wp-content\/uploads\/2021\/01\/utilisateur45.png\" alt=\"\" class=\"wp-image-112\" srcset=\"https:\/\/www.pocketpharma.be\/2021\/wp-content\/uploads\/2021\/01\/utilisateur45.png 416w, https:\/\/www.pocketpharma.be\/2021\/wp-content\/uploads\/2021\/01\/utilisateur45-300x268.png 300w\" sizes=\"(max-width: 416px) 100vw, 416px\" \/><\/figure>\n\n\n\n<ul><li>Les fen\u00eatres suivantes vous permettent de retrouver les faits encod\u00e9s pr\u00e9c\u00e9demment.<\/li><\/ul>\n","protected":false},"excerpt":{"rendered":"<p>Sant\u00e9 Outils de gestion de sant\u00e9 li\u00e9s au membre de la famille s\u00e9lectionn\u00e9. Profil (4 fen\u00eatres) Stockez vos donn\u00e9es personnelles, ajoutez les membres de votre famille et vos animaux de compagnie.&nbsp; Vous pourrez ainsi g\u00e9rer le profil g\u00e9n\u00e9ral de chacun (taille, poids, groupe sanguin, etc\u2026) Premi\u00e8re fen\u00eatre&nbsp;: informations personnelles. Deuxi\u00e8me fen\u00eatre&nbsp;: coordonn\u00e9es. Troisi\u00e8me fen\u00eatre&nbsp;: gestion [&hellip;]<\/p>\n","protected":false},"author":1,"featured_media":0,"parent":0,"menu_order":0,"comment_status":"closed","ping_status":"closed","template":"","meta":[],"_links":{"self":[{"href":"https:\/\/www.pocketpharma.be\/2021\/index.php\/wp-json\/wp\/v2\/pages\/288"}],"collection":[{"href":"https:\/\/www.pocketpharma.be\/2021\/index.php\/wp-json\/wp\/v2\/pages"}],"about":[{"href":"https:\/\/www.pocketpharma.be\/2021\/index.php\/wp-json\/wp\/v2\/types\/page"}],"author":[{"embeddable":true,"href":"https:\/\/www.pocketpharma.be\/2021\/index.php\/wp-json\/wp\/v2\/users\/1"}],"replies":[{"embeddable":true,"href":"https:\/\/www.pocketpharma.be\/2021\/index.php\/wp-json\/wp\/v2\/comments?post=288"}],"version-history":[{"count":1,"href":"https:\/\/www.pocketpharma.be\/2021\/index.php\/wp-json\/wp\/v2\/pages\/288\/revisions"}],"predecessor-version":[{"id":289,"href":"https:\/\/www.pocketpharma.be\/2021\/index.php\/wp-json\/wp\/v2\/pages\/288\/revisions\/289"}],"wp:attachment":[{"href":"https:\/\/www.pocketpharma.be\/2021\/index.php\/wp-json\/wp\/v2\/media?parent=288"}],"curies":[{"name":"wp","href":"https:\/\/api.w.org\/{rel}","templated":true}]}}