{"id":6,"date":"2020-12-23T14:36:58","date_gmt":"2020-12-23T13:36:58","guid":{"rendered":"http:\/\/www.pocketpharma.be\/newsite\/?page_id=6"},"modified":"2021-02-09T18:23:56","modified_gmt":"2021-02-09T17:23:56","slug":"accueil","status":"publish","type":"page","link":"https:\/\/www.pocketpharma.be\/2021\/","title":{"rendered":"PocketPharma"},"content":{"rendered":"\n<p>PocketPharma: L&rsquo;application mobile qui rapproche le pharmacien avec son patient<\/p>\n\n\n\n<p>Besoin d&rsquo;une information?<\/p>\n\n\n\n<p>Envie de r\u00e9server un produit?<\/p>\n\n\n\n<p>Conna\u00eetre la pharmacie de garde?<\/p>\n\n\n\n<p>Gagner du temps en envoyant vos ordonnances?<\/p>\n\n\n\n<p>Et encore beaucoup d&rsquo;autres choses&#8230;.<\/p>\n\n\n\n<div class=\"wp-block-group\"><div class=\"wp-block-group__inner-container\">\n<div class=\"wp-block-columns\">\n<div class=\"wp-block-column\" style=\"flex-basis:100%\">\n<div class=\"wp-block-group alignfull\"><div class=\"wp-block-group__inner-container\">\n<figure class=\"wp-block-gallery alignfull columns-1\"><ul class=\"blocks-gallery-grid\"><li class=\"blocks-gallery-item\"><figure><img loading=\"lazy\" width=\"430\" height=\"859\" src=\"http:\/\/www.pocketpharma.be\/newsite\/wp-content\/uploads\/2021\/01\/Front-pocket-top.png\" alt=\"\" data-id=\"47\" data-full-url=\"http:\/\/www.pocketpharma.be\/newsite\/wp-content\/uploads\/2021\/01\/Front-pocket-top.png\" data-link=\"http:\/\/www.pocketpharma.be\/newsite\/index.php\/le-nouveau-e-mucem-ouvre-ses-portes-2\/front-pocket-top\/\" class=\"wp-image-47\" srcset=\"https:\/\/www.pocketpharma.be\/2021\/wp-content\/uploads\/2021\/01\/Front-pocket-top.png 430w, https:\/\/www.pocketpharma.be\/2021\/wp-content\/uploads\/2021\/01\/Front-pocket-top-150x300.png 150w\" sizes=\"(max-width: 430px) 100vw, 430px\" \/><\/figure><\/li><\/ul><\/figure>\n\n\n\n<p>Rendez-vous dans votre pharmacie et demandez \u00e0 votre pharmacien de vous donner les codes d&rsquo;activation de votre application PocketPharma&#8230;<\/p>\n<\/div><\/div>\n<\/div>\n<\/div>\n<\/div><\/div>\n\n\n\n<div class=\"wp-block-group alignwide\"><div class=\"wp-block-group__inner-container\"><\/div><\/div>\n\n\n\n<div class=\"wp-block-columns alignwide\">\n<div class=\"wp-block-column\"><\/div>\n\n\n\n<div class=\"wp-block-column\"><\/div>\n<\/div>\n\n\n\n<div class=\"wp-block-group alignwide\"><div class=\"wp-block-group__inner-container\">\n<div class=\"wp-block-columns are-vertically-aligned-center\">\n<div class=\"wp-block-column is-vertically-aligned-center\" style=\"flex-basis:100%\">\n<h2 class=\"has-text-align-center has-accent-color has-text-color\">\u00ab&nbsp;Votre pharmacien encore plus proche de vous gr\u00e2ce \u00e0 son application mobile!&nbsp;\u00bb<\/h2>\n<\/div>\n<\/div>\n<\/div><\/div>\n\n\n\n<div class=\"wp-block-columns are-vertically-aligned-center\">\n<div class=\"wp-block-column is-vertically-aligned-center\" style=\"flex-basis:100%\">\n<p class=\"has-drop-cap\">T\u00e9l\u00e9chargez l&rsquo;application Pocketpharma sur PlayStore ou l&rsquo;AppStore et installez-l\u00e0 sur votre smartphone. Assurez-vous d&rsquo;avoir une bonne connexion internet pour la suite de la configuration. Lancez l&rsquo;application et cliquez sur \u00ab\u00a0Scannez votre QR code\u00a0\u00bb. Autorisez l&rsquo;acc\u00e8s \u00e0 la cam\u00e9ra et scannez le QR code que votre pharmacien vous aura remis. Cliquez sur \u00ab\u00a0Connexion\u00a0\u00bb au bas de la page contenant vos identifiants. Laissez votre smartphone installer votre application jusqu&rsquo;\u00e0 la fin du processus.<\/p>\n<\/div>\n<\/div>\n\n\n\n<p class=\"has-drop-cap\">Gr\u00e2ce \u00e0 PocketPharma vous \u00eates maintenant connect\u00e9 \u00e0 votre pharmacie. Pour toutes les autres fonctions, cliquez sur l&rsquo;onglet \u00ab\u00a0guide utilisateur\u00a0\u00bb dans le menu de ce site et d\u00e9couvrez tous les avantages de PocketPharma.<\/p>\n\n\n\n<div class=\"wp-block-group alignwide has-background\" style=\"background-color:#ffffff\"><div class=\"wp-block-group__inner-container\">\n<div class=\"wp-block-group\"><div class=\"wp-block-group__inner-container\"><\/div><\/div>\n<\/div><\/div>\n","protected":false},"excerpt":{"rendered":"<p>PocketPharma: L&rsquo;application mobile qui rapproche le pharmacien avec son patient Besoin d&rsquo;une information? Envie de r\u00e9server un produit? Conna\u00eetre la pharmacie de garde? Gagner du temps en envoyant vos ordonnances? Et encore beaucoup d&rsquo;autres choses&#8230;. T\u00e9l\u00e9chargez l&rsquo;application Pocketpharma sur PlayStore ou l&rsquo;AppStore et installez-l\u00e0 sur votre smartphone. Assurez-vous d&rsquo;avoir une bonne connexion internet pour la [&hellip;]<\/p>\n","protected":false},"author":1,"featured_media":49,"parent":0,"menu_order":0,"comment_status":"closed","ping_status":"closed","template":"templates\/template-page-full-width.php","meta":[],"_links":{"self":[{"href":"https:\/\/www.pocketpharma.be\/2021\/index.php\/wp-json\/wp\/v2\/pages\/6"}],"collection":[{"href":"https:\/\/www.pocketpharma.be\/2021\/index.php\/wp-json\/wp\/v2\/pages"}],"about":[{"href":"https:\/\/www.pocketpharma.be\/2021\/index.php\/wp-json\/wp\/v2\/types\/page"}],"author":[{"embeddable":true,"href":"https:\/\/www.pocketpharma.be\/2021\/index.php\/wp-json\/wp\/v2\/users\/1"}],"replies":[{"embeddable":true,"href":"https:\/\/www.pocketpharma.be\/2021\/index.php\/wp-json\/wp\/v2\/comments?post=6"}],"version-history":[{"count":12,"href":"https:\/\/www.pocketpharma.be\/2021\/index.php\/wp-json\/wp\/v2\/pages\/6\/revisions"}],"predecessor-version":[{"id":299,"href":"https:\/\/www.pocketpharma.be\/2021\/index.php\/wp-json\/wp\/v2\/pages\/6\/revisions\/299"}],"wp:featuredmedia":[{"embeddable":true,"href":"https:\/\/www.pocketpharma.be\/2021\/index.php\/wp-json\/wp\/v2\/media\/49"}],"wp:attachment":[{"href":"https:\/\/www.pocketpharma.be\/2021\/index.php\/wp-json\/wp\/v2\/media?parent=6"}],"curies":[{"name":"wp","href":"https:\/\/api.w.org\/{rel}","templated":true}]}}